{"id":19,"date":"2025-06-05T12:04:05","date_gmt":"2025-06-05T10:04:05","guid":{"rendered":"https:\/\/ozei2.sum.edu.pl\/?page_id=19"},"modified":"2026-01-13T13:29:40","modified_gmt":"2026-01-13T12:29:40","slug":"program-konferencji","status":"publish","type":"page","link":"https:\/\/ozei.sum.edu.pl\/en\/program-konferencji\/","title":{"rendered":"Conference program"},"content":{"rendered":"<p><!--\n<\/p>\n\n\n<p><a>Zaproszenie do wyg\u0142oszenia wyk\u0142ad\u00f3w przyj\u0119\u0142o ju\u017c 7 naukowc\u00f3w<\/a><\/p>\n\n\n\n<p><strong><span style=\"text-decoration: underline;\">Micha\u0142 Seweryn<\/span>, Uniwersytet im. Andrzeja Frycza Modrzewskiego w Krakowie, Krak\u00f3w<\/strong><br>Mierzenie koszt\u00f3w spo\u0142ecznych chor\u00f3b. Od obci\u0105\u017cenia do korzy\u015bci.<\/p>\n\n\n\n<p><strong><span style=\"text-decoration: underline;\">Marta Ulbrych<\/span>, Uniwersytet Ekonomiczny w Krakowie, Krak\u00f3w<\/strong><br>Gospodarcze uzale\u017cnienie UE27 od przemys\u0142u farmaceutycznego w kontek\u015bcie globalnych \u0142a\u0144cuch\u00f3w warto\u015bci.<\/p>\n\n\n\n<p><strong><span style=\"text-decoration: underline;\">Pawe\u0142 Potocki<\/span>, Uniwersytet Jagiello\u0144ski, Krak\u00f3w<\/strong><br>Monitorowanie wynik\u00f3w zdrowotnych zg\u0142aszanych przez pacjent\u00f3w w opiece onkologicznej.<\/p>\n\n\n\n<p><strong>Zbigniew Nawrat, Fundacja Rozwoju Kardiochirurgii im. prof. Zbigniewa Religi, Zabrze; \u015al\u0105ski Uniwersytet Medyczny w Katowicach, Katowice; Mi\u0119dzynarodowe Stowarzyszenie na rzecz Robotyki Medycznej, Zabrze<\/strong><br><strong><span style=\"text-decoration: underline;\">Klaudia Senator<\/span>, Fundacja Rozwoju Kardiochirurgii im. prof. Zbigniewa Religi, Zabrze<br><span style=\"text-decoration: underline;\">Dariusz Krawczyk<\/span>, Fundacja Rozwoju Kardiochirurgii im. prof. Zbigniewa Religi, Zabrze<\/strong><br>System bezpiecze\u0144stwa teleoperacji oparty na sztucznej inteligencji \u2013 testy autorskiego programu systemu sterowania robota Robin Heart AI 2.<\/p>\n\n\n\n<p><strong><span style=\"text-decoration: underline;\">Mateusz Grajek<\/span>, \u015al\u0105ski Uniwersytet Medyczny w Katowicach, Katowice<\/strong><br>Cyfrowa izolacja \u2013 jak nowe media i technologia wp\u0142ywaj\u0105 na zdrowie psychiczne i spo\u0142eczne?<\/p>\n\n\n\n<p><strong><span style=\"text-decoration: underline;\">Justyna Rogowska<\/span>, Anna Hallmann, Aleksandra Czumaj, Paulina Go\u017adzik, Dagmara Leszczy\u0144ska, Gda\u0144ski Uniwersytet Medyczny, Gda\u0144sk<\/strong><br>Odpady farmaceutyczne z gospodarstw domowych: aspekt prawny i spo\u0142eczny.<\/p>\n\n\n\n<p><strong><span style=\"text-decoration: underline;\">Tomasz&nbsp;Jurys,<\/span>&nbsp;\u015al\u0105ski Uniwersytet Medyczny w Katowicach, Katowice<\/strong><br>Wykorzystanie nowych technologii w monitorowaniu fizjoterapii b\u00f3lu przewlek\u0142ego<\/p>\n\n\n\n<p><\/p>\n\n\n<p>--><\/p>\n\n\n<style>\n  .wp-block-table table td:first-child,\n  .wp-block-table table th:first-child {\n    text-align: center;\n    vertical-align: top;\n  }\n<\/style>\n\n<figure class=\"wp-block-table has-normal-font-size\">\n  <table>\n    <colgroup>\n      <col class=\"col-time\" style=\"width:20%; text-align:center;\">\n      <col>\n    <\/colgroup>\n\n    <thead>\n      <tr class=\"has-text-align-left\">\n        <th class=\"has-text-align-left\">Time<br><br><\/th>\n        <th class=\"has-text-align-center\" data-align=\"center\">\n          <strong>Program<br><br><\/strong>\n        <\/th>\n      <\/tr>\n    <\/thead>\n\n    <tbody>\n      <tr>\n        <td>08:00-10:00<\/td>\n        <td class=\"has-text-align-left\" data-align=\"left\">\n          <strong>Participant Registration \u2013 CMIT Main Hall (Level 2)<\/strong><br><br>\n        <\/td>\n      <\/tr>\n\n      <tr>\n        <td>09:30-09:45<\/td>\n        <td class=\"has-text-align-left\" data-align=\"left\">\n          <strong>Official Welcome of Conference Participants<\/strong><br>\n          S\u0142awomir Smyczek, University of Economics in Katowice, Katowice, Poland<br>\n          Artur Turek, Medical University of Silesia in Katowice, Katowice, Poland<br><br>\n        <\/td>\n      <\/tr>\n\n      <tr>\n        <td>09:45-10:00<\/td>\n        <td class=\"has-text-align-left\" data-align=\"left\">\n          <strong>Official Opening of the Conference<\/strong><br>\n          Prof. Maciej Nowak \u2013 Prorektor ds. Nauki i Rozwoju Kadry Akademickiej, Uniwersytet Ekonomiczny w Katowicach, Katowice<br><br>\n        <\/td>\n      <\/tr>\n\n      <tr>\n        <td>10:00-11:10<\/td>\n        <td class=\"has-text-align-left\" data-align=\"left\">\n          <strong>Session I: Economic and Managerial Aspects of Healthcare<\/strong><br>\n          <strong>Session Chair:<\/strong> S\u0142awomir Smyczek, University of Economics in Katowice, Katowice, Poland<br><br>\n\n          <strong><span style=\"text-decoration: underline;\">Micha\u0142 Seweryn<\/span>, Andrzej Frycz Modrzewski Krakow University, Krakow, Poland<\/strong><br>Quantifying the Social Costs of Disease: From Burden to Value.<br><br>\n\n          <strong><span style=\"text-decoration: underline;\">Justyna Rogowska<\/span>, Anna Hallmann, Aleksandra Czumaj, Paulina Go\u017adzik, Dagmara Leszczy\u0144ska, Medical University of Gda\u0144sk, Gda\u0144sk, Poland<\/strong><br>Household Pharmaceutical Waste: Legal and Social Aspects.<br><br>\n\n          <strong><span style=\"text-decoration: underline;\">Grzegorz G\u0142\u00f3d<\/span>, University of Economics in Katowice, Katowice, Poland<\/strong><br>\n          Management in Healthcare.<br><br>\n        <\/td>\n      <\/tr>\n\n      <tr>\n        <td>11:10-11:40<\/td>\n        <td class=\"has-text-align-left\" data-align=\"left\">\n          <strong>Coffee Break<\/strong><br><br>\n        <\/td>\n      <\/tr>\n\n      <tr>\n        <td>11:40-13:00<\/td>\n        <td class=\"has-text-align-left\" data-align=\"left\">\n          <strong>Session II: The Role of Innovation and New Technologies in Healthcare<\/strong><br>\n          <strong>Session Chair:<\/strong> Artur Turek, Medical University of Silesia in Katowice, Katowice, Poland<br><br>\n\n          <strong><span style=\"text-decoration: underline;\">Pawe\u0142 Potocki<\/span>, Jagiellonian University, Krakow, Poland<\/strong><br>Patient-Reported Outcomes Monitoring in Cancer Care.<br><br>\n\n          <strong>Zbigniew Nawrat, Prof. Zbigniew Religa Foundation of Cardiac Surgery Development, Zabrze, Poland; Medical University of Silesia in Katowice, Katowice, Poland; International Society for Medical Robotics, Zabrze, Poland<\/strong><br><strong><span style=\"text-decoration: underline;\">Klaudia Senator<\/span>, Prof. Zbigniew Religa Foundation of Cardiac Surgery Development, Zabrze, Poland<br><span style=\"text-decoration: underline;\">Dariusz Krawczyk<\/span>, Prof. Zbigniew Religa Foundation of Cardiac Surgery Development, Zabrze, Poland<\/strong><br>AI-Based Safety System for Teleoperation \u2013 Testing of the Proprietary Control Software for the Robin Heart AI 2 Surgical Robot.<br><br>\n\n          <strong><span style=\"text-decoration: underline;\">Mateusz Grajek<\/span>, Medical University of Silesia in Katowice, Katowice, Poland<\/strong><br>Digital Isolation \u2013 How New Media and Technology Affect Mental and Social Health?<br><br>\n\n          <strong><span style=\"text-decoration: underline;\">Tomasz&nbsp;Jurys,<\/span>&nbsp;Medical University of Silesia in Katowice, Katowice, Poland<\/strong><br>The Use of New Technologies in Monitoring Chronic Pain Physiotherapy.<br><br>\n        <\/td>\n      <\/tr>\n\n      <tr>\n        <td>13:00-14:00<\/td>\n        <td class=\"has-text-align-left\" data-align=\"left\">\n          <strong>Lunch<\/strong><br><br>\n        <\/td>\n      <\/tr>\n\n      <tr>\n        <td>14:00-15:30<\/td>\n        <td class=\"has-text-align-left\" data-align=\"left\">\n          <strong>Session III:<\/strong><br>\n          <strong>Session Chair:<\/strong> Justyna Ganassali, University of Economics in Katowice, Katowice, Poland<br><br>\n          To be confirmed<br><br>\n        <\/td>\n      <\/tr>\n\n      <tr>\n        <td>15:30-16:00<\/td>\n        <td class=\"has-text-align-left\" data-align=\"left\">\n          <strong>Summary and Closing of the Conference<\/strong><br>\n          S\u0142awomir Smyczek, University of Economics in Katowice, Katowice, Poland<br>\n          Artur Turek, Medical University of Silesia in Katowice, Katowice, Poland\n        <\/td>\n      <\/tr>\n    <\/tbody>\n  <\/table>\n<\/figure>\n\n\n\n<p><\/p>","protected":false},"excerpt":{"rendered":"<p>Godzina Program 08:00-10:00 Rejestracja uczestnik\u00f3w \u2013 hol g\u0142\u00f3wny CNTI (poziom 2) 09:30-09:45 Uroczyste powitanie uczestnik\u00f3w konferencji S\u0142awomir Smyczek, Uniwersytet Ekonomiczny w Katowicach, Katowice Artur Turek, \u015al\u0105ski Uniwersytet Medyczny w Katowicach, Katowice 09:45-10:00 Oficjalne otwarcie konferencji Prof. Maciej Nowak \u2013 Prorektor ds. Nauki i Rozwoju Kadry Akademickiej, Uniwersytet Ekonomiczny w Katowicach, Katowice 10:00-11:10 Sesja I: Ekonomiczne [&hellip;]<\/p>","protected":false},"author":1,"featured_media":0,"parent":0,"menu_order":0,"comment_status":"closed","ping_status":"closed","template":"","meta":{"footnotes":""},"class_list":["post-19","page","type-page","status-publish","hentry"],"_links":{"self":[{"href":"https:\/\/ozei.sum.edu.pl\/en\/wp-json\/wp\/v2\/pages\/19","targetHints":{"allow":["GET"]}}],"collection":[{"href":"https:\/\/ozei.sum.edu.pl\/en\/wp-json\/wp\/v2\/pages"}],"about":[{"href":"https:\/\/ozei.sum.edu.pl\/en\/wp-json\/wp\/v2\/types\/page"}],"author":[{"embeddable":true,"href":"https:\/\/ozei.sum.edu.pl\/en\/wp-json\/wp\/v2\/users\/1"}],"replies":[{"embeddable":true,"href":"https:\/\/ozei.sum.edu.pl\/en\/wp-json\/wp\/v2\/comments?post=19"}],"version-history":[{"count":70,"href":"https:\/\/ozei.sum.edu.pl\/en\/wp-json\/wp\/v2\/pages\/19\/revisions"}],"predecessor-version":[{"id":535,"href":"https:\/\/ozei.sum.edu.pl\/en\/wp-json\/wp\/v2\/pages\/19\/revisions\/535"}],"wp:attachment":[{"href":"https:\/\/ozei.sum.edu.pl\/en\/wp-json\/wp\/v2\/media?parent=19"}],"curies":[{"name":"wp","href":"https:\/\/api.w.org\/{rel}","templated":true}]}}