{"id":253,"date":"2025-06-23T12:40:04","date_gmt":"2025-06-23T10:40:04","guid":{"rendered":"https:\/\/ozei2.sum.edu.pl\/?page_id=253"},"modified":"2025-08-13T10:01:28","modified_gmt":"2025-08-13T08:01:28","slug":"253-2","status":"publish","type":"page","link":"https:\/\/ozei.sum.edu.pl\/en\/","title":{"rendered":"Main Page"},"content":{"rendered":"<h4 class=\"wp-block-heading has-text-align-center\">November 19, 2026 <br>University of Economics in Katowice<br>Center for Modern Information Technologies<br>Zbigniew Messner Auditorium, 5 Bogucicka Street, 40-266 Katowice, Poland&nbsp;<\/h4>\n\n\n\n<div class=\"wp-block-group is-layout-constrained wp-block-group-is-layout-constrained\">\n<p>2nd Interdisciplinary Interuniversity Conference \u201cHealthcare \u2013 Economics \u2013 Innovation\u201d is an event that brings together fields such as healthcare, economics, and the sciences in response to contemporary challenges facing health systems.<\/p>\n\n\n\n<p>The conference currently has a national scope with international guest participation. Sessions will be conducted in both Polish and English.<\/p>\n\n\n\n<p>The event, organized by the Medical University of Silesia in Katowice and the University of Economics in Katowice, aims to promote dialogue among researchers, experts, and practitioners.<\/p>\n\n\n\n<p>During the conference, key topics will be addressed, including the safety of medicinal products, consumer behavior in the medical market, and the role of clinical research and modern technologies in the healthcare system.<\/p>\n\n\n\n<p>The conference will conclude with a debate summarizing the main findings.<\/p>\n\n\n\n<p>Topics covered include the following areas:<\/p>\n\n\n\n<ul class=\"wp-block-list\">\n<li>Consumer behavior in the pharmaceutical and medical market<\/li>\n\n\n\n<li>Consumer rights protection in the pharmaceutical and medical market<\/li>\n\n\n\n<li>Sustainable consumption in the pharmaceutical and medical market<\/li>\n\n\n\n<li>Sustainable development in pharmacy and medicine<\/li>\n\n\n\n<li>Pharmaceutical and medical marketing<\/li>\n\n\n\n<li>Neuromarketing<\/li>\n\n\n\n<li>Artificial intelligence in healthcare<\/li>\n\n\n\n<li>Planning and controlling in medical entities<\/li>\n\n\n\n<li>Pharmacoeconomics<\/li>\n\n\n\n<li>Safety of medicinal products and medical devices<\/li>\n\n\n\n<li>Evaluation of treatment outcomes and quality of life of patients\/consumers<\/li>\n\n\n\n<li>Modern technologies in the healthcare system<\/li>\n\n\n\n<li>Clinical trials<\/li>\n\n\n\n<li>Drug repurposing<\/li>\n\n\n\n<li>Chronic disease management<\/li>\n\n\n\n<li>Interdisciplinary approaches to long-term care<\/li>\n<\/ul>\n<\/div>\n\n\n\n<div style=\"height:30px\" aria-hidden=\"true\" class=\"wp-block-spacer\"><\/div>","protected":false},"excerpt":{"rendered":"<p>19.11.2026 r. Uniwersytet Ekonomiczny w KatowicachCentrum Nowoczesnych Technologii Informatycznych (CNTI)Aula im. Zbigniewa Messnera, ul. Bogucicka 5, 40-266 Katowice&nbsp; II Interdyscyplinarna Mi\u0119dzyuczelniana Konferencja \u201eOchrona Zdrowia \u2013 Ekonomia \u2013 Innowacje\u201d to wydarzenie, kt\u00f3re \u0142\u0105czy dziedziny takie jak ochrona zdrowia, ekonomia i nauki \u015bcis\u0142e, w odpowiedzi na wsp\u00f3\u0142czesne wyzwania system\u00f3w zdrowotnych. Obecnie konferencja ma charakter krajowy z udzia\u0142em [&hellip;]<\/p>","protected":false},"author":3,"featured_media":0,"parent":0,"menu_order":0,"comment_status":"closed","ping_status":"closed","template":"","meta":{"footnotes":""},"class_list":["post-253","page","type-page","status-publish","hentry"],"_links":{"self":[{"href":"https:\/\/ozei.sum.edu.pl\/en\/wp-json\/wp\/v2\/pages\/253","targetHints":{"allow":["GET"]}}],"collection":[{"href":"https:\/\/ozei.sum.edu.pl\/en\/wp-json\/wp\/v2\/pages"}],"about":[{"href":"https:\/\/ozei.sum.edu.pl\/en\/wp-json\/wp\/v2\/types\/page"}],"author":[{"embeddable":true,"href":"https:\/\/ozei.sum.edu.pl\/en\/wp-json\/wp\/v2\/users\/3"}],"replies":[{"embeddable":true,"href":"https:\/\/ozei.sum.edu.pl\/en\/wp-json\/wp\/v2\/comments?post=253"}],"version-history":[{"count":8,"href":"https:\/\/ozei.sum.edu.pl\/en\/wp-json\/wp\/v2\/pages\/253\/revisions"}],"predecessor-version":[{"id":378,"href":"https:\/\/ozei.sum.edu.pl\/en\/wp-json\/wp\/v2\/pages\/253\/revisions\/378"}],"wp:attachment":[{"href":"https:\/\/ozei.sum.edu.pl\/en\/wp-json\/wp\/v2\/media?parent=253"}],"curies":[{"name":"wp","href":"https:\/\/api.w.org\/{rel}","templated":true}]}}