{"id":271,"date":"2025-06-24T10:21:18","date_gmt":"2025-06-24T08:21:18","guid":{"rendered":"https:\/\/ozei2.sum.edu.pl\/?page_id=271"},"modified":"2025-06-24T10:33:17","modified_gmt":"2025-06-24T08:33:17","slug":"start-2024","status":"publish","type":"page","link":"https:\/\/ozei.sum.edu.pl\/en\/start-2024\/","title":{"rendered":"2024 Start"},"content":{"rendered":"<h4 class=\"wp-block-heading has-text-align-center\">06.12.2024 r. <br>Medical University of Silesia <br>Faculty of Pharmaceutical Sciences in Sosnowiec <br>Campus A, 1st floor, room 1.17 <br>8 Jedno\u015bci Street, 41-200 Sosnowiec, Poland<\/h4>\n\n\n\n<div class=\"wp-block-group alignwide is-nowrap is-layout-flex wp-container-core-group-is-layout-6c531013 wp-block-group-is-layout-flex\">\n<div class=\"wp-block-group alignwide is-layout-constrained wp-block-group-is-layout-constrained\">\n<p>The 1st Interdisciplinary Conference \u201cHealthcare - Economics - Innovation\u201d is an event that brings together the fields of health care, economics and science in response to contemporary challenges of health systems<\/p>\n\n\n\n<p>The event, organized by the Medical University of Silesia in Katowice and the University of Economics in Katowice, aims to promote dialogue among researchers, experts, and practitioners.<\/p>\n\n\n\n<p>During the conference, key topics will be addressed, including the safety of medicinal products, consumer behavior in the medical market, and the role of clinical research and modern technologies in the healthcare system.<\/p>\n\n\n\n<p>The conference will conclude with a debate summarizing the main findings.<\/p>\n\n\n\n<p>Topics covered include the following areas:<\/p>\n\n\n\n<ul class=\"wp-block-list\">\n<li>Safety of medicinal products and medical devices<\/li>\n\n\n\n<li>Consumer behavior in the pharmaceutical and medical market<\/li>\n\n\n\n<li>Consumer behavior in the pharmaceutical and medical market<\/li>\n\n\n\n<li>Sustainable consumption in the pharmaceutical and medical market<\/li>\n\n\n\n<li>Sustainable development in pharmacy and medicine<\/li>\n\n\n\n<li>Modern technologies in the healthcare system<\/li>\n\n\n\n<li>Clinical trials<\/li>\n<\/ul>\n<\/div>\n\n\n\n<figure class=\"wp-block-image size-full\"><img loading=\"lazy\" decoding=\"async\" width=\"180\" height=\"628\" src=\"https:\/\/ozei2.sum.edu.pl\/wp-content\/uploads\/2025\/06\/MRA_1200x628px_pasek_dofinansowanie-1.png\" alt=\"\" class=\"wp-image-272\" srcset=\"https:\/\/ozei.sum.edu.pl\/wp-content\/uploads\/2025\/06\/MRA_1200x628px_pasek_dofinansowanie-1.png 180w, https:\/\/ozei.sum.edu.pl\/wp-content\/uploads\/2025\/06\/MRA_1200x628px_pasek_dofinansowanie-1-86x300.png 86w\" sizes=\"auto, (max-width: 180px) 100vw, 180px\" \/><\/figure>\n<\/div>\n\n\n\n<div style=\"height:30px\" aria-hidden=\"true\" class=\"wp-block-spacer\"><\/div>","protected":false},"excerpt":{"rendered":"<p>06.12.2024 r. \u015al\u0105ski Uniwersytet Medyczny w Katowicach Wydzia\u0142 Nauk Farmaceutycznych w Sosnowcu Kampus A, 1 pi\u0119tro, sala 1.17 41-200 Sosnowiec, ul. Jedno\u015bci 8 I Interdyscyplinarna Mi\u0119dzyuczelniana Konferencja \u201eOchrona Zdrowia \u2013&nbsp;Ekonomia \u2013&nbsp;Innowacje\u201d to wydarzenie, kt\u00f3re \u0142\u0105czy dziedziny takie jak ochrona zdrowia, ekonomia i&nbsp;nauki \u015bcis\u0142e, w&nbsp;odpowiedzi na wsp\u00f3\u0142czesne wyzwania system\u00f3w zdrowotnych. Wydarzenie organizowane przez \u015al\u0105ski Uniwersytet Medyczny [&hellip;]<\/p>","protected":false},"author":3,"featured_media":0,"parent":0,"menu_order":0,"comment_status":"closed","ping_status":"closed","template":"","meta":{"footnotes":""},"class_list":["post-271","page","type-page","status-publish","hentry"],"_links":{"self":[{"href":"https:\/\/ozei.sum.edu.pl\/en\/wp-json\/wp\/v2\/pages\/271","targetHints":{"allow":["GET"]}}],"collection":[{"href":"https:\/\/ozei.sum.edu.pl\/en\/wp-json\/wp\/v2\/pages"}],"about":[{"href":"https:\/\/ozei.sum.edu.pl\/en\/wp-json\/wp\/v2\/types\/page"}],"author":[{"embeddable":true,"href":"https:\/\/ozei.sum.edu.pl\/en\/wp-json\/wp\/v2\/users\/3"}],"replies":[{"embeddable":true,"href":"https:\/\/ozei.sum.edu.pl\/en\/wp-json\/wp\/v2\/comments?post=271"}],"version-history":[{"count":3,"href":"https:\/\/ozei.sum.edu.pl\/en\/wp-json\/wp\/v2\/pages\/271\/revisions"}],"predecessor-version":[{"id":285,"href":"https:\/\/ozei.sum.edu.pl\/en\/wp-json\/wp\/v2\/pages\/271\/revisions\/285"}],"wp:attachment":[{"href":"https:\/\/ozei.sum.edu.pl\/en\/wp-json\/wp\/v2\/media?parent=271"}],"curies":[{"name":"wp","href":"https:\/\/api.w.org\/{rel}","templated":true}]}}