{"id":317,"date":"2025-06-24T11:13:01","date_gmt":"2025-06-24T09:13:01","guid":{"rendered":"https:\/\/ozei2.sum.edu.pl\/?page_id=317"},"modified":"2025-06-25T10:29:09","modified_gmt":"2025-06-25T08:29:09","slug":"2024-komitety","status":"publish","type":"page","link":"https:\/\/ozei.sum.edu.pl\/en\/2024-komitety\/","title":{"rendered":"2024 Komitety"},"content":{"rendered":"<h4 class=\"wp-block-heading alignwide\">Scientific Committee<\/h4>\n\n<div class=\"wp-block-group alignwide\">\n\n<p style=\"margin-top:0;margin-right:0;margin-bottom:0;margin-left:0\">Chair - Prof. S\u0142awomir Smyczek, PhD, DSc, University of Economics in Katowice, Katowice, Poland<\/p>\n\n\n\n<p>Vice-Chair - Artur Turek, PhD, Medical University of Silesia in Katowice, Katowice, Poland<\/p>\n\n\n\n<p style=\"margin-top:0;margin-right:0;margin-bottom:0;margin-left:0\">Members<\/p>\n\n<\/div>\n\n\n<ul class=\"wp-block-list alignwide\">\n<li>Justyna Ganassali, PhD, DSc, University of Economics in Katowice, Katowice, Poland<\/li>\n\n\n\n<li>Magdalena Kobielarz, PhD, DSc, Wroc\u0142aw University of Science and Technology, Wroc\u0142aw, Poland<\/li>\n\n\n\n<li>Leon Ko\u015bmider, PhD, DSc, Jan D\u0142ugosz University, Cz\u0119stochowa, Poland<\/li>\n\n\n\n<li>S\u0142awomir Wilczy\u0144ski, PhD, Medical University of Silesia in Katowice, Katowice, Poland<\/li>\n\n\n\n<li>Alicja Zajdel, PhD, DSc, Medical University of Silesia in Katowice, Katowice, Poland<\/li>\n\n\n\n<li>Magdalena Boczarska-Jedynak, MD, PhD, Dr Boczarska-Jedynak Health Institute Ltd., O\u015bwi\u0119cim, Poland<\/li>\n\n\n\n<li>Daniela Kurczabi\u0144ska, MD, PhD, PREVENEO \u2013 Center for Preventive Medicine, Katowice, Poland<\/li>\n\n\n\n<li>Wioletta Siemiradzka, PhD, Medical University of Silesia in Katowice, Katowice, Poland<\/li>\n\n\n\n<li>Rafa\u0142 Staszkiewicz, MD, PhD, 5th Military Clinical Hospital with Polyclinic, Krakow, Poland<\/li>\n\n\n\n<li>Jakub Rech, MSc, Medical University of Silesia in Katowice, Katowice, Poland<\/li>\n<\/ul>\n\n\n\n<h4 class=\"wp-block-heading alignwide\">Organizing Committee<\/h4>\n\n<div class=\"wp-block-group alignwide\">\n\n<p>Chair - Artur Turek, PhD, Medical University of Silesia in Katowice, Katowice, Poland<\/p>\n\n\n\n<p>Members<\/p>\n\n<\/div>\n\n\n<ul class=\"wp-block-list alignwide\">\n<li>Prof. S\u0142awomir Smyczek, PhD, DSc, University of Economics in Katowice, Katowice, Poland<\/li>\n\n\n\n<li>Justyna Bula, MSc, Medical University of Silesia in Katowice, Katowice, Poland<\/li>\n\n\n\n<li>Micha\u0142 Henke, MSc, Medical University of Silesia in Katowice, Katowice, Poland<\/li>\n\n\n\n<li>Jakub Rech, MSc, Medical University of Silesia in Katowice, Katowice, Poland<\/li>\n\n\n\n<li>Wojciech Rog\u00f3\u017c, PhD, Medical University of Silesia in Katowice, Katowice, Poland<\/li>\n\n\n\n<li>Ma\u0142gorzata Porwolik, BSc, Medical University of Silesia in Katowice, Katowice, Poland<\/li>\n\n\n\n<li>Daria Tokarczyk, Medical University of Silesia in Katowice, Katowice, Poland<\/li>\n\n\n\n<li>Pawe\u0142 Torbus, Medical University of Silesia in Katowice, Katowice, Poland<\/li>\n\n\n\n<li>Piotr Zamolski, Medical University of Silesia in Katowice, Katowice, Poland<\/li>\n<\/ul>","protected":false},"excerpt":{"rendered":"<p>Komitet Naukowy Przewodnicz\u0105cy \u2013&nbsp;Prof. dr hab. n. ekon. S\u0142awomir Smyczek, Uniwersytet Ekonomiczny w&nbsp;Katowicach, Katowice Zast\u0119pca przewodnicz\u0105cego \u2013&nbsp;Dr n. farm. Artur Turek, \u015al\u0105ski Uniwersytet Medyczny w&nbsp;Katowicach, Katowice Cz\u0142onkowie Komitet Organizacyjny Przewodnicz\u0105cy \u2013&nbsp;Dr n. farm. Artur Turek, \u015al\u0105ski Uniwersytet Medyczny w&nbsp;Katowicach, Katowice Cz\u0142onkowie<\/p>","protected":false},"author":1,"featured_media":0,"parent":0,"menu_order":0,"comment_status":"closed","ping_status":"closed","template":"","meta":{"footnotes":""},"class_list":["post-317","page","type-page","status-publish","hentry"],"_links":{"self":[{"href":"https:\/\/ozei.sum.edu.pl\/en\/wp-json\/wp\/v2\/pages\/317","targetHints":{"allow":["GET"]}}],"collection":[{"href":"https:\/\/ozei.sum.edu.pl\/en\/wp-json\/wp\/v2\/pages"}],"about":[{"href":"https:\/\/ozei.sum.edu.pl\/en\/wp-json\/wp\/v2\/types\/page"}],"author":[{"embeddable":true,"href":"https:\/\/ozei.sum.edu.pl\/en\/wp-json\/wp\/v2\/users\/1"}],"replies":[{"embeddable":true,"href":"https:\/\/ozei.sum.edu.pl\/en\/wp-json\/wp\/v2\/comments?post=317"}],"version-history":[{"count":3,"href":"https:\/\/ozei.sum.edu.pl\/en\/wp-json\/wp\/v2\/pages\/317\/revisions"}],"predecessor-version":[{"id":350,"href":"https:\/\/ozei.sum.edu.pl\/en\/wp-json\/wp\/v2\/pages\/317\/revisions\/350"}],"wp:attachment":[{"href":"https:\/\/ozei.sum.edu.pl\/en\/wp-json\/wp\/v2\/media?parent=317"}],"curies":[{"name":"wp","href":"https:\/\/api.w.org\/{rel}","templated":true}]}}