{"id":40,"date":"2025-06-05T12:28:56","date_gmt":"2025-06-05T10:28:56","guid":{"rendered":"https:\/\/ozei2.sum.edu.pl\/?page_id=40"},"modified":"2025-11-25T12:11:54","modified_gmt":"2025-11-25T11:11:54","slug":"komitety","status":"publish","type":"page","link":"https:\/\/ozei.sum.edu.pl\/en\/komitety\/","title":{"rendered":"Committee"},"content":{"rendered":"<h4 class=\"wp-block-heading alignwide\">Scientific Committee<\/h4>\n\n\n<div class=\"wp-block-group alignwide\">\n\n\n<p style=\"margin-top:0;margin-right:0;margin-bottom:0;margin-left:0\"><p style=\"margin-top:0;margin-right:0;margin-bottom:0;margin-left:0\">Chair - Prof. S\u0142awomir Smyczek, PhD, DSc, University of Economics in Katowice, Katowice, Poland<\/p>\n<p>Vice-Chair - Artur Turek, PhD, Medical University of Silesia in Katowice, Katowice, Poland<\/p>\n<p>Members<\/p><\/p>\n\n\n<\/div>\n\n\n<ul class=\"wp-block-list alignwide\">\n<li>Prof. Wojciech Konrad Karcz, MD, PhD, DSc, Dr. h.c. (mult.), Ludwig-Maximilians-University, Munich,\nGermany;<br>General Hospital Nuernberg, Nuernberg, Germany<\/li>\n\n\n\n<li>Prof. Thomas Heinrich Musiolik, PhD, Berlin University of the Arts, Berlin, Germany;<br> Woxsen University, Hyderabad, India<\/li>\n\n\n\n<li>Prof. Marco Valeri, PhD, Niccol\u00f2 Cusano University, Roma, Italy<\/li>\n\n\n\n<li>Prof. S\u0142awomir Wilczy\u0144ski, PhD, DSc, Medical University of Silesia in Katowice, Katowice, Poland<\/li>\n\n\n\n<li>Justyna Ganassali, PhD, DSc, University of Economics in Katowice, Katowice, Poland<\/li>\n\n\n\n<li>Magdalena Kobielarz, PhD, DSc, Wroc\u0142aw University of Science and Technology, Wroc\u0142aw, Poland<\/li>\n\n\n\n<li>Zbigniew Nawrat, PhD, DSc, Foundation for Cardiac Surgery Development, Zabrze, Poland;<br>Medical University of Silesia in Katowice, Katowice, Poland; <br>International Society for Medical Robotics, Zabrze, Poland<\/li>\n\n\n\n<li>Leon Ko\u015bmider, PhD, DSc, Jan D\u0142ugosz University, Cz\u0119stochowa, Poland<\/li>\n\n\n\n<li>Alicja Zajdel, PhD, DSc, Medical University of Silesia in Katowice, Katowice, Poland<\/li>\n\n\n\n<li>Magdalena Boczarska-Jedynak, MD, PhD, Dr Boczarska-Jedynak Health Institute Ltd., O\u015bwi\u0119cim, Poland<\/li>\n\n\n\n<li>Daniela Kurczabi\u0144ska, MD, PhD, PREVENEO \u2013 Center for Preventive Medicine, Katowice, Poland<\/li>\n\n\n\n<li>Wioletta Siemiradzka, PhD, Medical University of Silesia in Katowice, Katowice, Poland<\/li>\n\n\n\n<li>Rafa\u0142 Staszkiewicz, MD, PhD, 5th Military Clinical Hospital with Polyclinic, Krakow, Poland<\/li>\n\n\n\n<li>Zhenjia Wang, PhD, Washington State University, Spokane, USA<\/li>\n\n\n\n<li>Jakub Rech, MSc, Medical University of Silesia in Katowice, Katowice, Poland<\/li>\n<\/ul>\n\n\n\n<h4 class=\"wp-block-heading alignwide\">Organizing Committee<\/h4>\n\n\n<div class=\"wp-block-group alignwide\">\n\n\n<p>Chair - Artur Turek, PhD, Medical University of Silesia in Katowice, Katowice, Poland<\/p>\n\n\n\n<p>Members<\/p>\n\n\n<\/div>\n\n\n<ul class=\"wp-block-list alignwide\">\n<li>Prof. S\u0142awomir Smyczek, PhD, DSc, University of Economics in Katowice, Katowice, Poland<\/li>\n\n\n\n<li>Marta Gryb\u015b-Kabocik, PhD, University of Economics in Katowice, Katowice, Poland<\/li>\n\n\n\n<li>Agnieszka Tetla, PhD, University of Economics in Katowice, Katowice, Poland<\/li>\n\n\n\n<li>Justyna Bula, MSc, Medical University of Silesia in Katowice, Katowice, Poland<\/li>\n\n\n\n<li>Micha\u0142 Henke, MSc, Medical University of Silesia in Katowice, Katowice, Poland<\/li>\n\n\n\n<li>Przemys\u0142aw Kotowski, MSc, University of Economics in Katowice, Katowice, Poland<\/li>\n\n\n\n<li>Wiktor Korna\u015b, MSc, independent researcher, Jaworzno, Poland<\/li>\n\n\n\n<li>Micha\u0142 Michalski, MSc, University of Economics in Katowice, Katowice, Poland<\/li>\n\n\n\n<li>Jakub Rech, MSc, Medical University of Silesia in Katowice, Katowice, Poland<\/li>\n\n\n\n<li>Aleksandra Ryczko, MSc, University of Economics in Katowice, Katowice, Poland<\/li>\n\n\n\n<li>Ma\u0142gorzata Porwolik, BSc, Medical University of Silesia in Katowice, Katowice, Poland<\/li>\n<\/ul>","protected":false},"excerpt":{"rendered":"<p>Komitet Naukowy Przewodnicz\u0105cy \u2013&nbsp;Prof. dr hab. n. ekon. S\u0142awomir Smyczek, Uniwersytet Ekonomiczny w&nbsp;Katowicach, Katowice Zast\u0119pca przewodnicz\u0105cego \u2013&nbsp;Dr n. farm. Artur Turek, \u015al\u0105ski Uniwersytet Medyczny w&nbsp;Katowicach, Katowice Cz\u0142onkowie Komitet Organizacyjny Przewodnicz\u0105cy \u2013&nbsp;Dr n. farm. Artur Turek, \u015al\u0105ski Uniwersytet Medyczny w&nbsp;Katowicach, Katowice Cz\u0142onkowie<\/p>","protected":false},"author":1,"featured_media":0,"parent":0,"menu_order":0,"comment_status":"closed","ping_status":"closed","template":"","meta":{"footnotes":""},"class_list":["post-40","page","type-page","status-publish","hentry"],"_links":{"self":[{"href":"https:\/\/ozei.sum.edu.pl\/en\/wp-json\/wp\/v2\/pages\/40","targetHints":{"allow":["GET"]}}],"collection":[{"href":"https:\/\/ozei.sum.edu.pl\/en\/wp-json\/wp\/v2\/pages"}],"about":[{"href":"https:\/\/ozei.sum.edu.pl\/en\/wp-json\/wp\/v2\/types\/page"}],"author":[{"embeddable":true,"href":"https:\/\/ozei.sum.edu.pl\/en\/wp-json\/wp\/v2\/users\/1"}],"replies":[{"embeddable":true,"href":"https:\/\/ozei.sum.edu.pl\/en\/wp-json\/wp\/v2\/comments?post=40"}],"version-history":[{"count":26,"href":"https:\/\/ozei.sum.edu.pl\/en\/wp-json\/wp\/v2\/pages\/40\/revisions"}],"predecessor-version":[{"id":460,"href":"https:\/\/ozei.sum.edu.pl\/en\/wp-json\/wp\/v2\/pages\/40\/revisions\/460"}],"wp:attachment":[{"href":"https:\/\/ozei.sum.edu.pl\/en\/wp-json\/wp\/v2\/media?parent=40"}],"curies":[{"name":"wp","href":"https:\/\/api.w.org\/{rel}","templated":true}]}}