{"id":46,"date":"2025-06-05T12:30:39","date_gmt":"2025-06-05T10:30:39","guid":{"rendered":"https:\/\/ozei2.sum.edu.pl\/?page_id=46"},"modified":"2025-06-24T13:02:56","modified_gmt":"2025-06-24T11:02:56","slug":"kontakt","status":"publish","type":"page","link":"https:\/\/ozei.sum.edu.pl\/en\/kontakt\/","title":{"rendered":"Contact"},"content":{"rendered":"<div class=\"wp-block-group alignwide is-nowrap is-layout-flex wp-container-core-group-is-layout-6c531013 wp-block-group-is-layout-flex\">\n<p><\/p>\n<\/div>\n\n\n\n<div class=\"wp-block-group alignwide is-nowrap is-layout-flex wp-container-core-group-is-layout-6c531013 wp-block-group-is-layout-flex\">\n<div class=\"wp-block-columns are-vertically-aligned-center wp-container-content-958eb9dc is-layout-flex wp-container-core-columns-is-layout-28f84493 wp-block-columns-is-layout-flex\">\n<div class=\"wp-block-column is-vertically-aligned-center is-layout-flow wp-block-column-is-layout-flow\">\n<div class=\"wp-block-group is-layout-constrained wp-container-core-group-is-layout-19e250f3 wp-block-group-is-layout-constrained\">\n<p>Medical University of Silesia in Katowice<\/p>\n\n\n\n<p>Faculty of Pharmaceutical Sciences in Sosnowiec<\/p>\n\n\n\n<p>Department of Biopharmacy<\/p>\n\n\n\n<p>8 Jedno\u015bci Street, 41-200 Sosnowiec, Poland<\/p>\n\n\n\n<p>mail:&nbsp;<a href=\"mailto:ozei@sum.edu.pl\">ozei@sum.edu.pl<\/a>&nbsp;<\/p>\n\n\n\n<p>Phone: +48 32 364 12 46<\/p>\n<\/div>\n<\/div>\n\n\n\n<div class=\"wp-block-column is-vertically-aligned-center is-layout-flow wp-block-column-is-layout-flow\">\n<iframe src=\"https:\/\/www.google.com\/maps\/embed?pb=!1m14!1m8!1m3!1d2550.2585418285857!2d19.18041!3d50.268431!3m2!1i1024!2i768!4f13.1!3m3!1m2!1s0x4716db246fafc137%3A0x4f78fe10f884c2b1!2s%C5%9Al%C4%85ski%20Uniwersytet%20Medyczny.%20Wydzia%C5%82%20Nauk%20Farmaceutycznych!5e0!3m2!1spl!2spl!4v1750149079142!5m2!1spl!2spl\" width=\"450\" height=\"450\" style=\"border:0;\" allowfullscreen=\"\" loading=\"lazy\" referrerpolicy=\"no-referrer-when-downgrade\"><\/iframe>\n<\/div>\n<\/div>\n<\/div>\n\n\n\n<div class=\"wp-block-group alignwide is-nowrap is-layout-flex wp-container-core-group-is-layout-6c531013 wp-block-group-is-layout-flex\">\n<div class=\"wp-block-columns are-vertically-aligned-center wp-container-content-958eb9dc is-layout-flex wp-container-core-columns-is-layout-28f84493 wp-block-columns-is-layout-flex\">\n<div class=\"wp-block-column is-vertically-aligned-center is-layout-flow wp-block-column-is-layout-flow\">\n<div class=\"wp-block-group is-layout-constrained wp-container-core-group-is-layout-19e250f3 wp-block-group-is-layout-constrained\">\n<p>University of Economics in Katowice<\/p>\n\n\n\n<p>Faculty of Management<\/p>\n\n\n\n<p>Department of Consumer Research<\/p>\n\n\n\n<p>7 ks. bpa Stanis\u0142awa Adamskiego Street, \n40-069 Katowice, Poland<\/p>\n\n\n\n<p>mail:&nbsp;<a href=\"mailto:ozei@sum.edu.pl\">ozei@sum.edu.pl<\/a>&nbsp;<\/p>\n\n\n\n<p>Phone: +48 32 364 12 46<\/p>\n<\/div>\n<\/div>\n\n\n\n<div class=\"wp-block-column is-vertically-aligned-center is-layout-flow wp-block-column-is-layout-flow\">\n<iframe src=\"https:\/\/www.google.com\/maps\/embed?pb=!1m14!1m8!1m3!1d2551.0532895902215!2d19.003030000000003!3d50.253589!3m2!1i1024!2i768!4f13.1!3m3!1m2!1s0x4716ce42589ae469%3A0x39f4792ec91e7e70!2sUniwersytet%20Ekonomiczny%20w%20Katowicach%20budynek%20N!5e0!3m2!1spl!2spl!4v1750149176073!5m2!1spl!2spl\" width=\"450\" height=\"450\" style=\"border:0;\" allowfullscreen=\"\" loading=\"lazy\" referrerpolicy=\"no-referrer-when-downgrade\"><\/iframe>\n<\/div>\n<\/div>\n<\/div>","protected":false},"excerpt":{"rendered":"<p>\u015al\u0105ski Uniwersytet Medyczny w&nbsp;Katowicach Wydzia\u0142 Nauk Farmaceutycznych w&nbsp;Sosnowcu Katedra i&nbsp;Zak\u0142ad Biofarmacji 41-200 Sosnowiec, ul. Jedno\u015bci 8 mail:&nbsp;ozei@sum.edu.pl&nbsp; tel. 32 364 12 46 Uniwersytet Ekonomiczny w&nbsp;Katowicach Wydzia\u0142 Zarz\u0105dzania Katedra Bada\u0144 Konsumpcji 40-069 Katowice ul. ks. bpa S. Adamskiego 7 mail:&nbsp;ozei@sum.edu.pl&nbsp; tel. 32 364 12 46<\/p>","protected":false},"author":1,"featured_media":0,"parent":0,"menu_order":0,"comment_status":"closed","ping_status":"closed","template":"","meta":{"footnotes":""},"class_list":["post-46","page","type-page","status-publish","hentry"],"_links":{"self":[{"href":"https:\/\/ozei.sum.edu.pl\/en\/wp-json\/wp\/v2\/pages\/46","targetHints":{"allow":["GET"]}}],"collection":[{"href":"https:\/\/ozei.sum.edu.pl\/en\/wp-json\/wp\/v2\/pages"}],"about":[{"href":"https:\/\/ozei.sum.edu.pl\/en\/wp-json\/wp\/v2\/types\/page"}],"author":[{"embeddable":true,"href":"https:\/\/ozei.sum.edu.pl\/en\/wp-json\/wp\/v2\/users\/1"}],"replies":[{"embeddable":true,"href":"https:\/\/ozei.sum.edu.pl\/en\/wp-json\/wp\/v2\/comments?post=46"}],"version-history":[{"count":8,"href":"https:\/\/ozei.sum.edu.pl\/en\/wp-json\/wp\/v2\/pages\/46\/revisions"}],"predecessor-version":[{"id":340,"href":"https:\/\/ozei.sum.edu.pl\/en\/wp-json\/wp\/v2\/pages\/46\/revisions\/340"}],"wp:attachment":[{"href":"https:\/\/ozei.sum.edu.pl\/en\/wp-json\/wp\/v2\/media?parent=46"}],"curies":[{"name":"wp","href":"https:\/\/api.w.org\/{rel}","templated":true}]}}